{"id":455,"date":"2023-07-04T17:55:16","date_gmt":"2023-07-04T17:55:16","guid":{"rendered":"https:\/\/picture.oceanwp.org\/?page_id=105"},"modified":"2023-07-04T17:55:16","modified_gmt":"2023-07-04T17:55:16","slug":"gallery","status":"publish","type":"page","link":"https:\/\/compraspetroleras.com\/index.php\/gallery\/","title":{"rendered":"Gallery"},"content":{"rendered":"\t\t<div data-elementor-type=\"wp-page\" data-elementor-id=\"455\" class=\"elementor elementor-455\">\n\t\t\t\t\t\t\t\t\t<section class=\"elementor-section elementor-top-section elementor-element elementor-element-f1dbb92 elementor-section-boxed elementor-section-height-default elementor-section-height-default\" data-id=\"f1dbb92\" data-element_type=\"section\">\n\t\t\t\t\t\t<div class=\"elementor-container elementor-column-gap-default\">\n\t\t\t\t\t<div class=\"elementor-column elementor-col-100 elementor-top-column elementor-element elementor-element-993a24f\" data-id=\"993a24f\" data-element_type=\"column\">\n\t\t\t<div class=\"elementor-widget-wrap elementor-element-populated\">\n\t\t\t\t\t\t\t\t<div class=\"elementor-element elementor-element-730f003 elementor-widget elementor-widget-heading\" data-id=\"730f003\" data-element_type=\"widget\" data-widget_type=\"heading.default\">\n\t\t\t\t<div class=\"elementor-widget-container\">\n\t\t\t<style>\/*! elementor - v3.16.0 - 20-09-2023 *\/\n.elementor-heading-title{padding:0;margin:0;line-height:1}.elementor-widget-heading .elementor-heading-title[class*=elementor-size-]>a{color:inherit;font-size:inherit;line-height:inherit}.elementor-widget-heading .elementor-heading-title.elementor-size-small{font-size:15px}.elementor-widget-heading .elementor-heading-title.elementor-size-medium{font-size:19px}.elementor-widget-heading .elementor-heading-title.elementor-size-large{font-size:29px}.elementor-widget-heading .elementor-heading-title.elementor-size-xl{font-size:39px}.elementor-widget-heading .elementor-heading-title.elementor-size-xxl{font-size:59px}<\/style><h1 class=\"elementor-heading-title elementor-size-default\">Gallery<\/h1>\t\t<\/div>\n\t\t\t\t<\/div>\n\t\t\t\t\t<\/div>\n\t\t<\/div>\n\t\t\t\t\t\t\t<\/div>\n\t\t<\/section>\n\t\t\t\t<section class=\"elementor-section elementor-top-section elementor-element elementor-element-43eb462 elementor-section-boxed elementor-section-height-default elementor-section-height-default\" data-id=\"43eb462\" data-element_type=\"section\" data-settings=\"{&quot;background_background&quot;:&quot;classic&quot;}\">\n\t\t\t\t\t\t<div class=\"elementor-container elementor-column-gap-default\">\n\t\t\t\t\t<div class=\"elementor-column elementor-col-100 elementor-top-column elementor-element elementor-element-3caf5b7\" data-id=\"3caf5b7\" data-element_type=\"column\">\n\t\t\t<div class=\"elementor-widget-wrap elementor-element-populated\">\n\t\t\t\t\t\t\t\t<div class=\"elementor-element elementor-element-d39d0f3 elementor-widget elementor-widget-oew-image-gallery\" data-id=\"d39d0f3\" data-element_type=\"widget\" data-widget_type=\"oew-image-gallery.default\">\n\t\t\t\t<div class=\"elementor-widget-container\">\n\t\t\t\r\n\t\t<div class=\"oew-image-gallery oew-has-lightbox\">\r\n\t\t\t\r\n\t\t\t\t<div class=\"oew-gallery-item\">\r\n\t\t\t\t\t<a class=\"oew-gallery-item-inner no-lightbox\" href=\"https:\/\/compraspetroleras.com\/wp-content\/uploads\/2017\/08\/tre014732y_a1.jpg\" data-width=\"1200\" data-height=\"1200\" data-elementor-open-lightbox=\"no\">\r\n\t\t\t\t\t\t<div class=\"oew-gallery-thumbnail\">\r\n\t\t\t\t\t\t\t<img decoding=\"async\" src=\"https:\/\/compraspetroleras.com\/wp-content\/uploads\/2017\/08\/tre014732y_a1-768x768.jpg\" alt=\"tre014732y_a1\">\r\n\t\t\t\t\t\t<\/div>\r\n\r\n\t\t\t\t\t\t\t\t\t\t\t\t\t<div class=\"oew-gallery-overlay oew-gallery-transition-fade\">\r\n\t\t\t\t\t\t\t\t\t\t\t\t\t\t\t\t\t<div class=\"oew-gallery-item-icon\">\r\n\t\t\t\t\t\t\t\t\t\t<i aria-hidden=\"true\" class=\"fas fa-search\"><\/i>\t\t\t\t\t\t\t\t\t<\/div>\r\n\t\t\t\t\t\t\t\t\t\t\t\t\t\t\t\t<\/div>\r\n\t\t\t\t\t\t\t\t\t\t\t\t<\/a>\r\n\t\t\t\t<\/div>\r\n\r\n\t\t\t\t\r\n\t\t\t\t<div class=\"oew-gallery-item\">\r\n\t\t\t\t\t<a class=\"oew-gallery-item-inner no-lightbox\" href=\"https:\/\/compraspetroleras.com\/wp-content\/uploads\/2017\/08\/tre014732y_main.jpg\" data-width=\"1200\" data-height=\"1200\" data-elementor-open-lightbox=\"no\">\r\n\t\t\t\t\t\t<div class=\"oew-gallery-thumbnail\">\r\n\t\t\t\t\t\t\t<img decoding=\"async\" src=\"https:\/\/compraspetroleras.com\/wp-content\/uploads\/2017\/08\/tre014732y_main-768x768.jpg\" alt=\"tre014732y_main\">\r\n\t\t\t\t\t\t<\/div>\r\n\r\n\t\t\t\t\t\t\t\t\t\t\t\t\t<div class=\"oew-gallery-overlay oew-gallery-transition-fade\">\r\n\t\t\t\t\t\t\t\t\t\t\t\t\t\t\t\t\t<div class=\"oew-gallery-item-icon\">\r\n\t\t\t\t\t\t\t\t\t\t<i aria-hidden=\"true\" class=\"fas fa-search\"><\/i>\t\t\t\t\t\t\t\t\t<\/div>\r\n\t\t\t\t\t\t\t\t\t\t\t\t\t\t\t\t<\/div>\r\n\t\t\t\t\t\t\t\t\t\t\t\t<\/a>\r\n\t\t\t\t<\/div>\r\n\r\n\t\t\t\t\r\n\t\t\t\t<div class=\"oew-gallery-item\">\r\n\t\t\t\t\t<a class=\"oew-gallery-item-inner no-lightbox\" href=\"https:\/\/compraspetroleras.com\/wp-content\/uploads\/2017\/08\/sm8999cyj_a1.jpg\" data-width=\"1200\" data-height=\"1200\" data-elementor-open-lightbox=\"no\">\r\n\t\t\t\t\t\t<div class=\"oew-gallery-thumbnail\">\r\n\t\t\t\t\t\t\t<img decoding=\"async\" src=\"https:\/\/compraspetroleras.com\/wp-content\/uploads\/2017\/08\/sm8999cyj_a1-768x768.jpg\" alt=\"sm8999cyj_a1\">\r\n\t\t\t\t\t\t<\/div>\r\n\r\n\t\t\t\t\t\t\t\t\t\t\t\t\t<div class=\"oew-gallery-overlay oew-gallery-transition-fade\">\r\n\t\t\t\t\t\t\t\t\t\t\t\t\t\t\t\t\t<div class=\"oew-gallery-item-icon\">\r\n\t\t\t\t\t\t\t\t\t\t<i aria-hidden=\"true\" class=\"fas fa-search\"><\/i>\t\t\t\t\t\t\t\t\t<\/div>\r\n\t\t\t\t\t\t\t\t\t\t\t\t\t\t\t\t<\/div>\r\n\t\t\t\t\t\t\t\t\t\t\t\t<\/a>\r\n\t\t\t\t<\/div>\r\n\r\n\t\t\t\t\r\n\t\t\t\t<div class=\"oew-gallery-item\">\r\n\t\t\t\t\t<a class=\"oew-gallery-item-inner no-lightbox\" href=\"https:\/\/compraspetroleras.com\/wp-content\/uploads\/2017\/08\/sm8999cyj_a3.jpg\" data-width=\"1200\" data-height=\"1200\" data-elementor-open-lightbox=\"no\">\r\n\t\t\t\t\t\t<div class=\"oew-gallery-thumbnail\">\r\n\t\t\t\t\t\t\t<img decoding=\"async\" src=\"https:\/\/compraspetroleras.com\/wp-content\/uploads\/2017\/08\/sm8999cyj_a3-768x768.jpg\" alt=\"sm8999cyj_a3\">\r\n\t\t\t\t\t\t<\/div>\r\n\r\n\t\t\t\t\t\t\t\t\t\t\t\t\t<div class=\"oew-gallery-overlay oew-gallery-transition-fade\">\r\n\t\t\t\t\t\t\t\t\t\t\t\t\t\t\t\t\t<div class=\"oew-gallery-item-icon\">\r\n\t\t\t\t\t\t\t\t\t\t<i aria-hidden=\"true\" class=\"fas fa-search\"><\/i>\t\t\t\t\t\t\t\t\t<\/div>\r\n\t\t\t\t\t\t\t\t\t\t\t\t\t\t\t\t<\/div>\r\n\t\t\t\t\t\t\t\t\t\t\t\t<\/a>\r\n\t\t\t\t<\/div>\r\n\r\n\t\t\t\t\r\n\t\t\t\t<div class=\"oew-gallery-item\">\r\n\t\t\t\t\t<a class=\"oew-gallery-item-inner no-lightbox\" href=\"https:\/\/picture.oceanwp.org\/wp-content\/uploads\/2023\/07\/picture-owp-gallery-005.jpg\" data-width=\"1920\" data-height=\"1200\" data-elementor-open-lightbox=\"no\">\r\n\t\t\t\t\t\t<div class=\"oew-gallery-thumbnail\">\r\n\t\t\t\t\t\t\t<img decoding=\"async\" src=\"\" alt=\"oceanwp\">\r\n\t\t\t\t\t\t<\/div>\r\n\r\n\t\t\t\t\t\t\t\t\t\t\t\t\t<div class=\"oew-gallery-overlay oew-gallery-transition-fade\">\r\n\t\t\t\t\t\t\t\t\t\t\t\t\t\t\t\t\t<div class=\"oew-gallery-item-icon\">\r\n\t\t\t\t\t\t\t\t\t\t<i aria-hidden=\"true\" class=\"fas fa-search\"><\/i>\t\t\t\t\t\t\t\t\t<\/div>\r\n\t\t\t\t\t\t\t\t\t\t\t\t\t\t\t\t<\/div>\r\n\t\t\t\t\t\t\t\t\t\t\t\t<\/a>\r\n\t\t\t\t<\/div>\r\n\r\n\t\t\t\t\r\n\t\t\t\t<div class=\"oew-gallery-item\">\r\n\t\t\t\t\t<a class=\"oew-gallery-item-inner no-lightbox\" href=\"https:\/\/picture.oceanwp.org\/wp-content\/uploads\/2023\/07\/picture-owp-gallery-006.jpg\" data-width=\"1920\" data-height=\"1200\" data-elementor-open-lightbox=\"no\">\r\n\t\t\t\t\t\t<div class=\"oew-gallery-thumbnail\">\r\n\t\t\t\t\t\t\t<img decoding=\"async\" src=\"\" alt=\"oceanwp\">\r\n\t\t\t\t\t\t<\/div>\r\n\r\n\t\t\t\t\t\t\t\t\t\t\t\t\t<div class=\"oew-gallery-overlay oew-gallery-transition-fade\">\r\n\t\t\t\t\t\t\t\t\t\t\t\t\t\t\t\t\t<div class=\"oew-gallery-item-icon\">\r\n\t\t\t\t\t\t\t\t\t\t<i aria-hidden=\"true\" class=\"fas fa-search\"><\/i>\t\t\t\t\t\t\t\t\t<\/div>\r\n\t\t\t\t\t\t\t\t\t\t\t\t\t\t\t\t<\/div>\r\n\t\t\t\t\t\t\t\t\t\t\t\t<\/a>\r\n\t\t\t\t<\/div>\r\n\r\n\t\t\t\t\t\t<\/div>\r\n\r\n\t\t\t\t<\/div>\n\t\t\t\t<\/div>\n\t\t\t\t\t<\/div>\n\t\t<\/div>\n\t\t\t\t\t\t\t<\/div>\n\t\t<\/section>\n\t\t\t\t<section class=\"elementor-section elementor-top-section elementor-element elementor-element-5c19cd4 elementor-section-height-min-height elementor-section-boxed elementor-section-height-default elementor-section-items-middle\" data-id=\"5c19cd4\" data-element_type=\"section\" data-settings=\"{&quot;background_background&quot;:&quot;classic&quot;}\">\n\t\t\t\t\t\t\t<div class=\"elementor-background-overlay\"><\/div>\n\t\t\t\t\t\t\t<div class=\"elementor-container elementor-column-gap-default\">\n\t\t\t\t\t<div class=\"elementor-column elementor-col-100 elementor-top-column elementor-element elementor-element-c7d5a0c\" data-id=\"c7d5a0c\" data-element_type=\"column\">\n\t\t\t<div class=\"elementor-widget-wrap elementor-element-populated\">\n\t\t\t\t\t\t\t\t<div class=\"elementor-element elementor-element-4f7313a elementor-widget elementor-widget-heading\" data-id=\"4f7313a\" data-element_type=\"widget\" data-widget_type=\"heading.default\">\n\t\t\t\t<div class=\"elementor-widget-container\">\n\t\t\t<h2 class=\"elementor-heading-title elementor-size-default\">Prettify your room<\/h2>\t\t<\/div>\n\t\t\t\t<\/div>\n\t\t\t\t<div class=\"elementor-element elementor-element-97ca343 elementor-widget elementor-widget-heading\" data-id=\"97ca343\" data-element_type=\"widget\" data-widget_type=\"heading.default\">\n\t\t\t\t<div class=\"elementor-widget-container\">\n\t\t\t<p class=\"elementor-heading-title elementor-size-default\">The way pictures and posters can enhance and prettify your room, OceanWP free WordPress theme enhances your website building experience.<br>Launch a professional eCommerce website in a fraction of the time with using all these nifty features available without any additional plugins or custom coding.<\/p>\t\t<\/div>\n\t\t\t\t<\/div>\n\t\t\t\t<div class=\"elementor-element elementor-element-c2fbc63 oew-align-center oew-tablet-align-center elementor-widget elementor-widget-oew-button-effects\" data-id=\"c2fbc63\" data-element_type=\"widget\" data-widget_type=\"oew-button-effects.default\">\n\t\t\t\t<div class=\"elementor-widget-container\">\n\t\t\t\r\n\r\n\t\t<div class=\"oew-button oew-btn-effect-1\">\r\n\t\t\t<a href=\"#\" class=\"oew-link\">\r\n\t\t\t\t\r\n\t\t\t\t<span>Shop Now<\/span>\r\n\r\n\t\t\t\t\t\t\t<\/a>\r\n\t\t<\/div>\r\n\r\n\t\t\t<\/div>\n\t\t\t\t<\/div>\n\t\t\t\t\t<\/div>\n\t\t<\/div>\n\t\t\t\t\t\t\t<\/div>\n\t\t<\/section>\n\t\t\t\t<section class=\"elementor-section elementor-top-section elementor-element elementor-element-99cae0c elementor-section-boxed elementor-section-height-default elementor-section-height-default\" data-id=\"99cae0c\" data-element_type=\"section\" data-settings=\"{&quot;background_background&quot;:&quot;classic&quot;}\">\n\t\t\t\t\t\t<div class=\"elementor-container elementor-column-gap-default\">\n\t\t\t\t\t<div class=\"elementor-column elementor-col-100 elementor-top-column elementor-element elementor-element-dd84651\" data-id=\"dd84651\" data-element_type=\"column\">\n\t\t\t<div class=\"elementor-widget-wrap elementor-element-populated\">\n\t\t\t\t\t\t\t\t<div class=\"elementor-element elementor-element-d8c8a13 elementor-widget elementor-widget-heading\" data-id=\"d8c8a13\" data-element_type=\"widget\" data-widget_type=\"heading.default\">\n\t\t\t\t<div class=\"elementor-widget-container\">\n\t\t\t<p class=\"elementor-heading-title elementor-size-default\">I adore working with OceanWP best WordPress theme and simply I love adding personality to my space by hanging posters on my wall. It's amazing how a simple piece of art can transform the entire room and make it feel like home.<\/p>\t\t<\/div>\n\t\t\t\t<\/div>\n\t\t\t\t<div class=\"elementor-element elementor-element-00cf2e0 elementor-widget elementor-widget-image\" data-id=\"00cf2e0\" data-element_type=\"widget\" data-widget_type=\"image.default\">\n\t\t\t\t<div class=\"elementor-widget-container\">\n\t\t\t<style>\/*! elementor - v3.16.0 - 20-09-2023 *\/\n.elementor-widget-image{text-align:center}.elementor-widget-image a{display:inline-block}.elementor-widget-image a img[src$=\".svg\"]{width:48px}.elementor-widget-image img{vertical-align:middle;display:inline-block}<\/style>\t\t\t\t\t\t\t\t\t\t\t\t<img decoding=\"async\" loading=\"lazy\" width=\"150\" height=\"150\" src=\"https:\/\/compraspetroleras.com\/wp-content\/uploads\/2023\/07\/owp-people-3-150x150.jpg\" class=\"attachment-thumbnail size-thumbnail wp-image-146\" alt=\"\" srcset=\"https:\/\/compraspetroleras.com\/wp-content\/uploads\/2023\/07\/owp-people-3-150x150.jpg 150w, https:\/\/compraspetroleras.com\/wp-content\/uploads\/2023\/07\/owp-people-3-100x100.jpg 100w, https:\/\/compraspetroleras.com\/wp-content\/uploads\/2023\/07\/owp-people-3.jpg 300w\" sizes=\"(max-width: 150px) 100vw, 150px\" \/>\t\t\t\t\t\t\t\t\t\t\t\t\t\t\t<\/div>\n\t\t\t\t<\/div>\n\t\t\t\t\t<\/div>\n\t\t<\/div>\n\t\t\t\t\t\t\t<\/div>\n\t\t<\/section>\n\t\t\t\t<section class=\"elementor-section elementor-top-section elementor-element elementor-element-20938b3 elementor-section-boxed elementor-section-height-default elementor-section-height-default\" data-id=\"20938b3\" data-element_type=\"section\" data-settings=\"{&quot;background_background&quot;:&quot;classic&quot;}\">\n\t\t\t\t\t\t<div class=\"elementor-container elementor-column-gap-default\">\n\t\t\t\t\t<div class=\"elementor-column elementor-col-100 elementor-top-column elementor-element elementor-element-be83724\" data-id=\"be83724\" data-element_type=\"column\">\n\t\t\t<div class=\"elementor-widget-wrap elementor-element-populated\">\n\t\t\t\t\t\t\t\t<div class=\"elementor-element elementor-element-d816428 elementor-widget elementor-widget-heading\" data-id=\"d816428\" data-element_type=\"widget\" data-widget_type=\"heading.default\">\n\t\t\t\t<div class=\"elementor-widget-container\">\n\t\t\t<h2 class=\"elementor-heading-title elementor-size-default\">Latest From the Blog<\/h2>\t\t<\/div>\n\t\t\t\t<\/div>\n\t\t\t\t<div class=\"elementor-element elementor-element-9007c1e elementor-widget elementor-widget-heading\" data-id=\"9007c1e\" data-element_type=\"widget\" data-widget_type=\"heading.default\">\n\t\t\t\t<div class=\"elementor-widget-container\">\n\t\t\t<p class=\"elementor-heading-title elementor-size-default\">Take a look at our educational articles<\/p>\t\t<\/div>\n\t\t\t\t<\/div>\n\t\t\t\t<div class=\"elementor-element elementor-element-08bc7a8 elementor-widget elementor-widget-oew-magazine-list\" data-id=\"08bc7a8\" data-element_type=\"widget\" data-widget_type=\"oew-magazine-list.default\">\n\t\t\t\t<div class=\"elementor-widget-container\">\n\t\t\t\n\t\t\n\t\t<div class=\"oew-magazine-list-bl-wrapper image-left image-yes\">\n\t\t\n\n\t\t\t<ul class=\"oew-magazine-list-blog-list\">\n\t\t\t\t<li class=\"oew-magazine-list-bl-item clearfix\">\n\t\t\t\t\t<div class=\"oew-magazine-list-bli-inner\">\n\t\t\t\t\t\t\t\t\t\t\t\t\t<div class=\"oew-magazine-list-post-image\">\n\t\t\t\t\t\t\t\t<a href=\"https:\/\/compraspetroleras.com\/index.php\/2023\/09\/26\/el-comercio-electronico-de-electrodomesticos-electronica-ropa-y-articulos-para-el-hogar-3\/\" title=\"El comercio electr\u00f3nico de electrodom\u00e9sticos, electr\u00f3nica, ropa y art\u00edculos para el hogar\">\n\t\t\t\t\t\t\t\t\t\t\t\t\t\t\t\t\t<\/a>\n\t\t\t\t\t\t\t<\/div>\n\t\t\t\t\t\t\t\t\t\t\t\t<div class=\"oew-magazine-list-bli-content\">\n\t\t\t\t\t\t\t\t\t\t\t\t\t\t<h3 class=\"oew-magazine-list-post-title\">\n\t\t\t\t\t\t\t\t<a href=\"https:\/\/compraspetroleras.com\/index.php\/2023\/09\/26\/el-comercio-electronico-de-electrodomesticos-electronica-ropa-y-articulos-para-el-hogar-3\/\" title=\"El comercio electr\u00f3nico de electrodom\u00e9sticos, electr\u00f3nica, ropa y art\u00edculos para el hogar\">\n\t\t\t\t\t\t\t\t\tEl comercio electr\u00f3nico de electrodom\u00e9sticos, electr\u00f3nica, ropa y art\u00edculos para el hogar <\/a>\n\t\t\t\t\t\t\t<\/h3>\n\t\t\t\t\t\t\t<div class=\"oew-magazine-list-post-info-date\">\n\t\t\t\t\t\t\t\t\t\t\t\t\t\t\t\t\t<a class=\"datetime\" href=\"#\">26 September, 2023<\/a>\n\t\t\t\t\t\t\t\t\t\t\t\t\t\t\t\t<div class=\"author-block\">\n\t\t\t\t\t\t\t\t\t\t\t\t\t\t\t\t\t<\/div>\n\t\t\t\t\t\t\t<\/div>\n\t\t\t\t\t\t<\/div>\n\t\t\t\t\t<\/div>\n\t\t\t\t<\/li>\n\t\t\t<\/ul>\n\t\t\t\n\t\t\t\n\n\t\t\t<ul class=\"oew-magazine-list-blog-list\">\n\t\t\t\t<li class=\"oew-magazine-list-bl-item clearfix\">\n\t\t\t\t\t<div class=\"oew-magazine-list-bli-inner\">\n\t\t\t\t\t\t\t\t\t\t\t\t\t<div class=\"oew-magazine-list-post-image\">\n\t\t\t\t\t\t\t\t<a href=\"https:\/\/compraspetroleras.com\/index.php\/2023\/09\/26\/guia-completa-de-compras-en-linea-para-electrodomesticos-electronica-ropa-y-articulos-para-el-hogar\/\" title=\"Gu\u00eda completa de compras en l\u00ednea para electrodom\u00e9sticos, electr\u00f3nica, ropa y art\u00edculos para el hogar\">\n\t\t\t\t\t\t\t\t\t\t\t\t\t\t\t\t\t<\/a>\n\t\t\t\t\t\t\t<\/div>\n\t\t\t\t\t\t\t\t\t\t\t\t<div class=\"oew-magazine-list-bli-content\">\n\t\t\t\t\t\t\t\t\t\t\t\t\t\t<h3 class=\"oew-magazine-list-post-title\">\n\t\t\t\t\t\t\t\t<a href=\"https:\/\/compraspetroleras.com\/index.php\/2023\/09\/26\/guia-completa-de-compras-en-linea-para-electrodomesticos-electronica-ropa-y-articulos-para-el-hogar\/\" title=\"Gu\u00eda completa de compras en l\u00ednea para electrodom\u00e9sticos, electr\u00f3nica, ropa y art\u00edculos para el hogar\">\n\t\t\t\t\t\t\t\t\tGu\u00eda completa de compras en l\u00ednea para electrodom\u00e9sticos, electr\u00f3nica, ropa y art\u00edculos para el hogar <\/a>\n\t\t\t\t\t\t\t<\/h3>\n\t\t\t\t\t\t\t<div class=\"oew-magazine-list-post-info-date\">\n\t\t\t\t\t\t\t\t\t\t\t\t\t\t\t\t\t<a class=\"datetime\" href=\"#\">26 September, 2023<\/a>\n\t\t\t\t\t\t\t\t\t\t\t\t\t\t\t\t<div class=\"author-block\">\n\t\t\t\t\t\t\t\t\t\t\t\t\t\t\t\t\t<\/div>\n\t\t\t\t\t\t\t<\/div>\n\t\t\t\t\t\t<\/div>\n\t\t\t\t\t<\/div>\n\t\t\t\t<\/li>\n\t\t\t<\/ul>\n\t\t\t\n\t\t\t\n\n\t\t\t<ul class=\"oew-magazine-list-blog-list\">\n\t\t\t\t<li class=\"oew-magazine-list-bl-item clearfix\">\n\t\t\t\t\t<div class=\"oew-magazine-list-bli-inner\">\n\t\t\t\t\t\t\t\t\t\t\t\t\t<div class=\"oew-magazine-list-post-image\">\n\t\t\t\t\t\t\t\t<a href=\"https:\/\/compraspetroleras.com\/index.php\/2023\/09\/26\/comercio-electronico-de-electrodomesticos-electronica-ropa-y-articulos-para-el-hogar\/\" title=\"Comercio electr\u00f3nico de electrodom\u00e9sticos, electr\u00f3nica, ropa y art\u00edculos para el hogar\">\n\t\t\t\t\t\t\t\t\t\t\t\t\t\t\t\t\t<\/a>\n\t\t\t\t\t\t\t<\/div>\n\t\t\t\t\t\t\t\t\t\t\t\t<div class=\"oew-magazine-list-bli-content\">\n\t\t\t\t\t\t\t\t\t\t\t\t\t\t<h3 class=\"oew-magazine-list-post-title\">\n\t\t\t\t\t\t\t\t<a href=\"https:\/\/compraspetroleras.com\/index.php\/2023\/09\/26\/comercio-electronico-de-electrodomesticos-electronica-ropa-y-articulos-para-el-hogar\/\" title=\"Comercio electr\u00f3nico de electrodom\u00e9sticos, electr\u00f3nica, ropa y art\u00edculos para el hogar\">\n\t\t\t\t\t\t\t\t\tComercio electr\u00f3nico de electrodom\u00e9sticos, electr\u00f3nica, ropa y art\u00edculos para el hogar <\/a>\n\t\t\t\t\t\t\t<\/h3>\n\t\t\t\t\t\t\t<div class=\"oew-magazine-list-post-info-date\">\n\t\t\t\t\t\t\t\t\t\t\t\t\t\t\t\t\t<a class=\"datetime\" href=\"#\">26 September, 2023<\/a>\n\t\t\t\t\t\t\t\t\t\t\t\t\t\t\t\t<div class=\"author-block\">\n\t\t\t\t\t\t\t\t\t\t\t\t\t\t\t\t\t<\/div>\n\t\t\t\t\t\t\t<\/div>\n\t\t\t\t\t\t<\/div>\n\t\t\t\t\t<\/div>\n\t\t\t\t<\/li>\n\t\t\t<\/ul>\n\t\t\t\n\t\t\t\t\t<\/div>\n\t\t\t\t<\/div>\n\t\t\t\t<\/div>\n\t\t\t\t<div class=\"elementor-element elementor-element-160e6b1 oew-align-center elementor-widget elementor-widget-oew-button-effects\" data-id=\"160e6b1\" data-element_type=\"widget\" data-widget_type=\"oew-button-effects.default\">\n\t\t\t\t<div class=\"elementor-widget-container\">\n\t\t\t\r\n\r\n\t\t<div class=\"oew-button oew-btn-effect-1\">\r\n\t\t\t<a href=\"#\" class=\"oew-link\">\r\n\t\t\t\t\r\n\t\t\t\t<span>View all articles<\/span>\r\n\r\n\t\t\t\t\t\t\t<\/a>\r\n\t\t<\/div>\r\n\r\n\t\t\t<\/div>\n\t\t\t\t<\/div>\n\t\t\t\t\t<\/div>\n\t\t<\/div>\n\t\t\t\t\t\t\t<\/div>\n\t\t<\/section>\n\t\t\t\t\t\t\t<\/div>\n\t\t","protected":false},"excerpt":{"rendered":"<p>Gallery Prettify your room The way pictures and posters can enhance and prettify your room, OceanWP free WordPress theme enhances your website building experience.Launch a professional eCommerce website in a fraction of the time with using all these nifty features available without any additional plugins or custom coding. Shop Now I adore working with OceanWP [&hellip;]<\/p>\n","protected":false},"author":1,"featured_media":0,"parent":0,"menu_order":0,"comment_status":"closed","ping_status":"closed","template":"","meta":{"footnotes":""},"_links":{"self":[{"href":"https:\/\/compraspetroleras.com\/index.php\/wp-json\/wp\/v2\/pages\/455"}],"collection":[{"href":"https:\/\/compraspetroleras.com\/index.php\/wp-json\/wp\/v2\/pages"}],"about":[{"href":"https:\/\/compraspetroleras.com\/index.php\/wp-json\/wp\/v2\/types\/page"}],"author":[{"embeddable":true,"href":"https:\/\/compraspetroleras.com\/index.php\/wp-json\/wp\/v2\/users\/1"}],"replies":[{"embeddable":true,"href":"https:\/\/compraspetroleras.com\/index.php\/wp-json\/wp\/v2\/comments?post=455"}],"version-history":[{"count":0,"href":"https:\/\/compraspetroleras.com\/index.php\/wp-json\/wp\/v2\/pages\/455\/revisions"}],"wp:attachment":[{"href":"https:\/\/compraspetroleras.com\/index.php\/wp-json\/wp\/v2\/media?parent=455"}],"curies":[{"name":"wp","href":"https:\/\/api.w.org\/{rel}","templated":true}]}}