{"id":453,"date":"2023-07-04T17:54:24","date_gmt":"2023-07-04T17:54:24","guid":{"rendered":"https:\/\/picture.oceanwp.org\/?page_id=100"},"modified":"2023-07-04T17:54:24","modified_gmt":"2023-07-04T17:54:24","slug":"about-us","status":"publish","type":"page","link":"https:\/\/compraspetroleras.com\/index.php\/about-us\/","title":{"rendered":"About Us"},"content":{"rendered":"\t\t<div data-elementor-type=\"wp-page\" data-elementor-id=\"453\" class=\"elementor elementor-453\">\n\t\t\t\t\t\t\t\t\t<section class=\"elementor-section elementor-top-section elementor-element elementor-element-ec0bbb5 elementor-section-boxed elementor-section-height-default elementor-section-height-default\" data-id=\"ec0bbb5\" data-element_type=\"section\">\n\t\t\t\t\t\t<div class=\"elementor-container elementor-column-gap-default\">\n\t\t\t\t\t<div class=\"elementor-column elementor-col-100 elementor-top-column elementor-element elementor-element-c504f2a\" data-id=\"c504f2a\" data-element_type=\"column\">\n\t\t\t<div class=\"elementor-widget-wrap elementor-element-populated\">\n\t\t\t\t\t\t\t\t<div class=\"elementor-element elementor-element-1f438c2 elementor-widget elementor-widget-heading\" data-id=\"1f438c2\" data-element_type=\"widget\" data-widget_type=\"heading.default\">\n\t\t\t\t<div class=\"elementor-widget-container\">\n\t\t\t<style>\/*! elementor - v3.16.0 - 20-09-2023 *\/\n.elementor-heading-title{padding:0;margin:0;line-height:1}.elementor-widget-heading .elementor-heading-title[class*=elementor-size-]>a{color:inherit;font-size:inherit;line-height:inherit}.elementor-widget-heading .elementor-heading-title.elementor-size-small{font-size:15px}.elementor-widget-heading .elementor-heading-title.elementor-size-medium{font-size:19px}.elementor-widget-heading .elementor-heading-title.elementor-size-large{font-size:29px}.elementor-widget-heading .elementor-heading-title.elementor-size-xl{font-size:39px}.elementor-widget-heading .elementor-heading-title.elementor-size-xxl{font-size:59px}<\/style><h1 class=\"elementor-heading-title elementor-size-default\">About Us<\/h1>\t\t<\/div>\n\t\t\t\t<\/div>\n\t\t\t\t\t<\/div>\n\t\t<\/div>\n\t\t\t\t\t\t\t<\/div>\n\t\t<\/section>\n\t\t\t\t<section class=\"elementor-section elementor-top-section elementor-element elementor-element-bc4d473 elementor-section-content-middle elementor-reverse-tablet elementor-reverse-mobile elementor-section-boxed elementor-section-height-default elementor-section-height-default\" data-id=\"bc4d473\" data-element_type=\"section\" data-settings=\"{&quot;background_background&quot;:&quot;classic&quot;}\">\n\t\t\t\t\t\t<div class=\"elementor-container elementor-column-gap-default\">\n\t\t\t\t\t<div class=\"elementor-column elementor-col-50 elementor-top-column elementor-element elementor-element-a5d58fe\" data-id=\"a5d58fe\" data-element_type=\"column\">\n\t\t\t<div class=\"elementor-widget-wrap elementor-element-populated\">\n\t\t\t\t\t\t\t\t<div class=\"elementor-element elementor-element-7ce9b61 elementor-widget elementor-widget-heading\" data-id=\"7ce9b61\" data-element_type=\"widget\" data-widget_type=\"heading.default\">\n\t\t\t\t<div class=\"elementor-widget-container\">\n\t\t\t<p class=\"elementor-heading-title elementor-size-default\">OceanWP LLC started out in 2016. Since then, it's become the favorite WordPress theme of millions of users worldwide and is powering 800K+ websites. We'd love to see your website among those too!<\/p>\t\t<\/div>\n\t\t\t\t<\/div>\n\t\t\t\t<div class=\"elementor-element elementor-element-560df06 elementor-widget elementor-widget-heading\" data-id=\"560df06\" data-element_type=\"widget\" data-widget_type=\"heading.default\">\n\t\t\t\t<div class=\"elementor-widget-container\">\n\t\t\t<p class=\"elementor-heading-title elementor-size-default\">We offer a wide range of unique posters to help you express yourself. We have something from vintage movie prints to modern abstract art for everyone. We aim to make decorating your space with beautiful, meaningful art easy and affordable. Let us help you make your place feel like home \ud83d\ude09<\/p>\t\t<\/div>\n\t\t\t\t<\/div>\n\t\t\t\t<div class=\"elementor-element elementor-element-0966ec4 oew-align-left elementor-widget elementor-widget-oew-button-effects\" data-id=\"0966ec4\" data-element_type=\"widget\" data-widget_type=\"oew-button-effects.default\">\n\t\t\t\t<div class=\"elementor-widget-container\">\n\t\t\t\r\n\r\n\t\t<div class=\"oew-button oew-btn-effect-1\">\r\n\t\t\t<a href=\"#\" class=\"oew-link\">\r\n\t\t\t\t\r\n\t\t\t\t<span>Gallery<\/span>\r\n\r\n\t\t\t\t\t\t\t<\/a>\r\n\t\t<\/div>\r\n\r\n\t\t\t<\/div>\n\t\t\t\t<\/div>\n\t\t\t\t\t<\/div>\n\t\t<\/div>\n\t\t\t\t<div class=\"elementor-column elementor-col-50 elementor-top-column elementor-element elementor-element-47d2702\" data-id=\"47d2702\" data-element_type=\"column\">\n\t\t\t<div class=\"elementor-widget-wrap elementor-element-populated\">\n\t\t\t\t\t\t\t\t<section class=\"elementor-section elementor-inner-section elementor-element elementor-element-d75ca69 elementor-section-boxed elementor-section-height-default elementor-section-height-default\" data-id=\"d75ca69\" data-element_type=\"section\">\n\t\t\t\t\t\t<div class=\"elementor-container elementor-column-gap-no\">\n\t\t\t\t\t<div class=\"elementor-column elementor-col-50 elementor-inner-column elementor-element elementor-element-8a879a3\" data-id=\"8a879a3\" data-element_type=\"column\">\n\t\t\t<div class=\"elementor-widget-wrap elementor-element-populated\">\n\t\t\t\t\t\t\t\t<div class=\"elementor-element elementor-element-c33f393 elementor-widget elementor-widget-image\" data-id=\"c33f393\" data-element_type=\"widget\" data-widget_type=\"image.default\">\n\t\t\t\t<div class=\"elementor-widget-container\">\n\t\t\t<style>\/*! elementor - v3.16.0 - 20-09-2023 *\/\n.elementor-widget-image{text-align:center}.elementor-widget-image a{display:inline-block}.elementor-widget-image a img[src$=\".svg\"]{width:48px}.elementor-widget-image img{vertical-align:middle;display:inline-block}<\/style>\t\t\t\t\t\t\t\t\t\t\t\t<img decoding=\"async\" loading=\"lazy\" width=\"580\" height=\"783\" src=\"https:\/\/compraspetroleras.com\/wp-content\/uploads\/2023\/07\/picture-owp-img-002.jpg\" class=\"attachment-full size-full wp-image-158\" alt=\"\" srcset=\"https:\/\/compraspetroleras.com\/wp-content\/uploads\/2023\/07\/picture-owp-img-002.jpg 580w, https:\/\/compraspetroleras.com\/wp-content\/uploads\/2023\/07\/picture-owp-img-002-222x300.jpg 222w\" sizes=\"(max-width: 580px) 100vw, 580px\" \/>\t\t\t\t\t\t\t\t\t\t\t\t\t\t\t<\/div>\n\t\t\t\t<\/div>\n\t\t\t\t\t<\/div>\n\t\t<\/div>\n\t\t\t\t<div class=\"elementor-column elementor-col-50 elementor-inner-column elementor-element elementor-element-522e363\" data-id=\"522e363\" data-element_type=\"column\">\n\t\t\t<div class=\"elementor-widget-wrap elementor-element-populated\">\n\t\t\t\t\t\t\t\t<div class=\"elementor-element elementor-element-a624be6 elementor-widget elementor-widget-image\" data-id=\"a624be6\" data-element_type=\"widget\" data-widget_type=\"image.default\">\n\t\t\t\t<div class=\"elementor-widget-container\">\n\t\t\t\t\t\t\t\t\t\t\t\t\t\t\t<img decoding=\"async\" loading=\"lazy\" width=\"580\" height=\"783\" src=\"https:\/\/compraspetroleras.com\/wp-content\/uploads\/2023\/07\/picture-owp-img-003.jpg\" class=\"attachment-full size-full wp-image-163\" alt=\"\" srcset=\"https:\/\/compraspetroleras.com\/wp-content\/uploads\/2023\/07\/picture-owp-img-003.jpg 580w, https:\/\/compraspetroleras.com\/wp-content\/uploads\/2023\/07\/picture-owp-img-003-222x300.jpg 222w\" sizes=\"(max-width: 580px) 100vw, 580px\" \/>\t\t\t\t\t\t\t\t\t\t\t\t\t\t\t<\/div>\n\t\t\t\t<\/div>\n\t\t\t\t\t<\/div>\n\t\t<\/div>\n\t\t\t\t\t\t\t<\/div>\n\t\t<\/section>\n\t\t\t\t\t<\/div>\n\t\t<\/div>\n\t\t\t\t\t\t\t<\/div>\n\t\t<\/section>\n\t\t\t\t<section class=\"elementor-section elementor-top-section elementor-element elementor-element-e6daa6a elementor-section-height-min-height elementor-section-boxed elementor-section-height-default elementor-section-items-middle\" data-id=\"e6daa6a\" data-element_type=\"section\" data-settings=\"{&quot;background_background&quot;:&quot;classic&quot;}\">\n\t\t\t\t\t\t\t<div class=\"elementor-background-overlay\"><\/div>\n\t\t\t\t\t\t\t<div class=\"elementor-container elementor-column-gap-default\">\n\t\t\t\t\t<div class=\"elementor-column elementor-col-100 elementor-top-column elementor-element elementor-element-6001286\" data-id=\"6001286\" data-element_type=\"column\">\n\t\t\t<div class=\"elementor-widget-wrap elementor-element-populated\">\n\t\t\t\t\t\t\t\t<div class=\"elementor-element elementor-element-39c8980 elementor-widget elementor-widget-heading\" data-id=\"39c8980\" data-element_type=\"widget\" data-widget_type=\"heading.default\">\n\t\t\t\t<div class=\"elementor-widget-container\">\n\t\t\t<h2 class=\"elementor-heading-title elementor-size-default\">Sell art or anything else with oceanwp<\/h2>\t\t<\/div>\n\t\t\t\t<\/div>\n\t\t\t\t<div class=\"elementor-element elementor-element-c0fd013 elementor-widget elementor-widget-heading\" data-id=\"c0fd013\" data-element_type=\"widget\" data-widget_type=\"heading.default\">\n\t\t\t\t<div class=\"elementor-widget-container\">\n\t\t\t<p class=\"elementor-heading-title elementor-size-default\">Thanks to OceanWP's seamless WooCommerce integration, you can start selling anything in your store - from digital to physical - no boundaries.<br>Plus, you get to enjoy all these amazing eCommerce customization features for free you won't even find with other premium themes.<br>Did we happen to mention our gigantic library of available full website templates and presets?<\/p>\t\t<\/div>\n\t\t\t\t<\/div>\n\t\t\t\t<div class=\"elementor-element elementor-element-2ddde59 oew-align-center oew-tablet-align-center elementor-widget elementor-widget-oew-button-effects\" data-id=\"2ddde59\" data-element_type=\"widget\" data-widget_type=\"oew-button-effects.default\">\n\t\t\t\t<div class=\"elementor-widget-container\">\n\t\t\t\r\n\r\n\t\t<div class=\"oew-button oew-btn-effect-1\">\r\n\t\t\t<a href=\"#\" class=\"oew-link\">\r\n\t\t\t\t\r\n\t\t\t\t<span>Shop Now<\/span>\r\n\r\n\t\t\t\t\t\t\t<\/a>\r\n\t\t<\/div>\r\n\r\n\t\t\t<\/div>\n\t\t\t\t<\/div>\n\t\t\t\t\t<\/div>\n\t\t<\/div>\n\t\t\t\t\t\t\t<\/div>\n\t\t<\/section>\n\t\t\t\t<section class=\"elementor-section elementor-top-section elementor-element elementor-element-bf44852 elementor-section-boxed elementor-section-height-default elementor-section-height-default\" data-id=\"bf44852\" data-element_type=\"section\" data-settings=\"{&quot;background_background&quot;:&quot;classic&quot;}\">\n\t\t\t\t\t\t<div class=\"elementor-container elementor-column-gap-default\">\n\t\t\t\t\t<div class=\"elementor-column elementor-col-100 elementor-top-column elementor-element elementor-element-0e3baff\" data-id=\"0e3baff\" data-element_type=\"column\">\n\t\t\t<div class=\"elementor-widget-wrap elementor-element-populated\">\n\t\t\t\t\t\t\t\t<div class=\"elementor-element elementor-element-ae153e3 elementor-widget elementor-widget-heading\" data-id=\"ae153e3\" data-element_type=\"widget\" data-widget_type=\"heading.default\">\n\t\t\t\t<div class=\"elementor-widget-container\">\n\t\t\t<p class=\"elementor-heading-title elementor-size-default\">I adore working with OceanWP best WordPress theme and simply I love adding personality to my space by hanging posters on my wall. It's amazing how a simple piece of art can transform the entire room and make it feel like home.<\/p>\t\t<\/div>\n\t\t\t\t<\/div>\n\t\t\t\t<div class=\"elementor-element elementor-element-630a198 elementor-widget elementor-widget-image\" data-id=\"630a198\" data-element_type=\"widget\" data-widget_type=\"image.default\">\n\t\t\t\t<div class=\"elementor-widget-container\">\n\t\t\t\t\t\t\t\t\t\t\t\t\t\t\t<img decoding=\"async\" loading=\"lazy\" width=\"150\" height=\"150\" src=\"https:\/\/compraspetroleras.com\/wp-content\/uploads\/2023\/07\/owp-people-3-150x150.jpg\" class=\"attachment-thumbnail size-thumbnail wp-image-146\" alt=\"\" srcset=\"https:\/\/compraspetroleras.com\/wp-content\/uploads\/2023\/07\/owp-people-3-150x150.jpg 150w, https:\/\/compraspetroleras.com\/wp-content\/uploads\/2023\/07\/owp-people-3-100x100.jpg 100w, https:\/\/compraspetroleras.com\/wp-content\/uploads\/2023\/07\/owp-people-3.jpg 300w\" sizes=\"(max-width: 150px) 100vw, 150px\" \/>\t\t\t\t\t\t\t\t\t\t\t\t\t\t\t<\/div>\n\t\t\t\t<\/div>\n\t\t\t\t\t<\/div>\n\t\t<\/div>\n\t\t\t\t\t\t\t<\/div>\n\t\t<\/section>\n\t\t\t\t<section class=\"elementor-section elementor-top-section elementor-element elementor-element-05ed1e9 elementor-section-boxed elementor-section-height-default elementor-section-height-default\" data-id=\"05ed1e9\" data-element_type=\"section\" data-settings=\"{&quot;background_background&quot;:&quot;classic&quot;}\">\n\t\t\t\t\t\t<div class=\"elementor-container elementor-column-gap-default\">\n\t\t\t\t\t<div class=\"elementor-column elementor-col-100 elementor-top-column elementor-element elementor-element-a99db50\" data-id=\"a99db50\" data-element_type=\"column\">\n\t\t\t<div class=\"elementor-widget-wrap elementor-element-populated\">\n\t\t\t\t\t\t\t\t<div class=\"elementor-element elementor-element-24d5751 elementor-widget elementor-widget-heading\" data-id=\"24d5751\" data-element_type=\"widget\" data-widget_type=\"heading.default\">\n\t\t\t\t<div class=\"elementor-widget-container\">\n\t\t\t<h2 class=\"elementor-heading-title elementor-size-default\">Latest From the Blog<\/h2>\t\t<\/div>\n\t\t\t\t<\/div>\n\t\t\t\t<div class=\"elementor-element elementor-element-02f6ed1 elementor-widget elementor-widget-heading\" data-id=\"02f6ed1\" data-element_type=\"widget\" data-widget_type=\"heading.default\">\n\t\t\t\t<div class=\"elementor-widget-container\">\n\t\t\t<p class=\"elementor-heading-title elementor-size-default\">Take a look at our educational articles<\/p>\t\t<\/div>\n\t\t\t\t<\/div>\n\t\t\t\t<div class=\"elementor-element elementor-element-0925725 elementor-widget elementor-widget-oew-magazine-list\" data-id=\"0925725\" data-element_type=\"widget\" data-widget_type=\"oew-magazine-list.default\">\n\t\t\t\t<div class=\"elementor-widget-container\">\n\t\t\t\n\t\t\n\t\t<div class=\"oew-magazine-list-bl-wrapper image-left image-yes\">\n\t\t\n\n\t\t\t<ul class=\"oew-magazine-list-blog-list\">\n\t\t\t\t<li class=\"oew-magazine-list-bl-item clearfix\">\n\t\t\t\t\t<div class=\"oew-magazine-list-bli-inner\">\n\t\t\t\t\t\t\t\t\t\t\t\t\t<div class=\"oew-magazine-list-post-image\">\n\t\t\t\t\t\t\t\t<a href=\"https:\/\/compraspetroleras.com\/index.php\/2023\/09\/26\/el-comercio-electronico-de-electrodomesticos-electronica-ropa-y-articulos-para-el-hogar-3\/\" title=\"El comercio electr\u00f3nico de electrodom\u00e9sticos, electr\u00f3nica, ropa y art\u00edculos para el hogar\">\n\t\t\t\t\t\t\t\t\t\t\t\t\t\t\t\t\t<\/a>\n\t\t\t\t\t\t\t<\/div>\n\t\t\t\t\t\t\t\t\t\t\t\t<div class=\"oew-magazine-list-bli-content\">\n\t\t\t\t\t\t\t\t\t\t\t\t\t\t<h3 class=\"oew-magazine-list-post-title\">\n\t\t\t\t\t\t\t\t<a href=\"https:\/\/compraspetroleras.com\/index.php\/2023\/09\/26\/el-comercio-electronico-de-electrodomesticos-electronica-ropa-y-articulos-para-el-hogar-3\/\" title=\"El comercio electr\u00f3nico de electrodom\u00e9sticos, electr\u00f3nica, ropa y art\u00edculos para el hogar\">\n\t\t\t\t\t\t\t\t\tEl comercio electr\u00f3nico de electrodom\u00e9sticos, electr\u00f3nica, ropa y art\u00edculos para el hogar <\/a>\n\t\t\t\t\t\t\t<\/h3>\n\t\t\t\t\t\t\t<div class=\"oew-magazine-list-post-info-date\">\n\t\t\t\t\t\t\t\t\t\t\t\t\t\t\t\t\t<a class=\"datetime\" href=\"#\">26 September, 2023<\/a>\n\t\t\t\t\t\t\t\t\t\t\t\t\t\t\t\t<div class=\"author-block\">\n\t\t\t\t\t\t\t\t\t\t\t\t\t\t\t\t\t<\/div>\n\t\t\t\t\t\t\t<\/div>\n\t\t\t\t\t\t<\/div>\n\t\t\t\t\t<\/div>\n\t\t\t\t<\/li>\n\t\t\t<\/ul>\n\t\t\t\n\t\t\t\n\n\t\t\t<ul class=\"oew-magazine-list-blog-list\">\n\t\t\t\t<li class=\"oew-magazine-list-bl-item clearfix\">\n\t\t\t\t\t<div class=\"oew-magazine-list-bli-inner\">\n\t\t\t\t\t\t\t\t\t\t\t\t\t<div class=\"oew-magazine-list-post-image\">\n\t\t\t\t\t\t\t\t<a href=\"https:\/\/compraspetroleras.com\/index.php\/2023\/09\/26\/guia-completa-de-compras-en-linea-para-electrodomesticos-electronica-ropa-y-articulos-para-el-hogar\/\" title=\"Gu\u00eda completa de compras en l\u00ednea para electrodom\u00e9sticos, electr\u00f3nica, ropa y art\u00edculos para el hogar\">\n\t\t\t\t\t\t\t\t\t\t\t\t\t\t\t\t\t<\/a>\n\t\t\t\t\t\t\t<\/div>\n\t\t\t\t\t\t\t\t\t\t\t\t<div class=\"oew-magazine-list-bli-content\">\n\t\t\t\t\t\t\t\t\t\t\t\t\t\t<h3 class=\"oew-magazine-list-post-title\">\n\t\t\t\t\t\t\t\t<a href=\"https:\/\/compraspetroleras.com\/index.php\/2023\/09\/26\/guia-completa-de-compras-en-linea-para-electrodomesticos-electronica-ropa-y-articulos-para-el-hogar\/\" title=\"Gu\u00eda completa de compras en l\u00ednea para electrodom\u00e9sticos, electr\u00f3nica, ropa y art\u00edculos para el hogar\">\n\t\t\t\t\t\t\t\t\tGu\u00eda completa de compras en l\u00ednea para electrodom\u00e9sticos, electr\u00f3nica, ropa y art\u00edculos para el hogar <\/a>\n\t\t\t\t\t\t\t<\/h3>\n\t\t\t\t\t\t\t<div class=\"oew-magazine-list-post-info-date\">\n\t\t\t\t\t\t\t\t\t\t\t\t\t\t\t\t\t<a class=\"datetime\" href=\"#\">26 September, 2023<\/a>\n\t\t\t\t\t\t\t\t\t\t\t\t\t\t\t\t<div class=\"author-block\">\n\t\t\t\t\t\t\t\t\t\t\t\t\t\t\t\t\t<\/div>\n\t\t\t\t\t\t\t<\/div>\n\t\t\t\t\t\t<\/div>\n\t\t\t\t\t<\/div>\n\t\t\t\t<\/li>\n\t\t\t<\/ul>\n\t\t\t\n\t\t\t\n\n\t\t\t<ul class=\"oew-magazine-list-blog-list\">\n\t\t\t\t<li class=\"oew-magazine-list-bl-item clearfix\">\n\t\t\t\t\t<div class=\"oew-magazine-list-bli-inner\">\n\t\t\t\t\t\t\t\t\t\t\t\t\t<div class=\"oew-magazine-list-post-image\">\n\t\t\t\t\t\t\t\t<a href=\"https:\/\/compraspetroleras.com\/index.php\/2023\/09\/26\/comercio-electronico-de-electrodomesticos-electronica-ropa-y-articulos-para-el-hogar\/\" title=\"Comercio electr\u00f3nico de electrodom\u00e9sticos, electr\u00f3nica, ropa y art\u00edculos para el hogar\">\n\t\t\t\t\t\t\t\t\t\t\t\t\t\t\t\t\t<\/a>\n\t\t\t\t\t\t\t<\/div>\n\t\t\t\t\t\t\t\t\t\t\t\t<div class=\"oew-magazine-list-bli-content\">\n\t\t\t\t\t\t\t\t\t\t\t\t\t\t<h3 class=\"oew-magazine-list-post-title\">\n\t\t\t\t\t\t\t\t<a href=\"https:\/\/compraspetroleras.com\/index.php\/2023\/09\/26\/comercio-electronico-de-electrodomesticos-electronica-ropa-y-articulos-para-el-hogar\/\" title=\"Comercio electr\u00f3nico de electrodom\u00e9sticos, electr\u00f3nica, ropa y art\u00edculos para el hogar\">\n\t\t\t\t\t\t\t\t\tComercio electr\u00f3nico de electrodom\u00e9sticos, electr\u00f3nica, ropa y art\u00edculos para el hogar <\/a>\n\t\t\t\t\t\t\t<\/h3>\n\t\t\t\t\t\t\t<div class=\"oew-magazine-list-post-info-date\">\n\t\t\t\t\t\t\t\t\t\t\t\t\t\t\t\t\t<a class=\"datetime\" href=\"#\">26 September, 2023<\/a>\n\t\t\t\t\t\t\t\t\t\t\t\t\t\t\t\t<div class=\"author-block\">\n\t\t\t\t\t\t\t\t\t\t\t\t\t\t\t\t\t<\/div>\n\t\t\t\t\t\t\t<\/div>\n\t\t\t\t\t\t<\/div>\n\t\t\t\t\t<\/div>\n\t\t\t\t<\/li>\n\t\t\t<\/ul>\n\t\t\t\n\t\t\t\t\t<\/div>\n\t\t\t\t<\/div>\n\t\t\t\t<\/div>\n\t\t\t\t<div class=\"elementor-element elementor-element-56db0cb oew-align-center elementor-widget elementor-widget-oew-button-effects\" data-id=\"56db0cb\" data-element_type=\"widget\" data-widget_type=\"oew-button-effects.default\">\n\t\t\t\t<div class=\"elementor-widget-container\">\n\t\t\t\r\n\r\n\t\t<div class=\"oew-button oew-btn-effect-1\">\r\n\t\t\t<a href=\"#\" class=\"oew-link\">\r\n\t\t\t\t\r\n\t\t\t\t<span>View all articles<\/span>\r\n\r\n\t\t\t\t\t\t\t<\/a>\r\n\t\t<\/div>\r\n\r\n\t\t\t<\/div>\n\t\t\t\t<\/div>\n\t\t\t\t\t<\/div>\n\t\t<\/div>\n\t\t\t\t\t\t\t<\/div>\n\t\t<\/section>\n\t\t\t\t\t\t\t<\/div>\n\t\t","protected":false},"excerpt":{"rendered":"<p>About Us OceanWP LLC started out in 2016. Since then, it&#8217;s become the favorite WordPress theme of millions of users worldwide and is powering 800K+ websites. We&#8217;d love to see your website among those too! We offer a wide range of unique posters to help you express yourself. We have something from vintage movie prints [&hellip;]<\/p>\n","protected":false},"author":1,"featured_media":0,"parent":0,"menu_order":0,"comment_status":"closed","ping_status":"closed","template":"","meta":{"footnotes":""},"_links":{"self":[{"href":"https:\/\/compraspetroleras.com\/index.php\/wp-json\/wp\/v2\/pages\/453"}],"collection":[{"href":"https:\/\/compraspetroleras.com\/index.php\/wp-json\/wp\/v2\/pages"}],"about":[{"href":"https:\/\/compraspetroleras.com\/index.php\/wp-json\/wp\/v2\/types\/page"}],"author":[{"embeddable":true,"href":"https:\/\/compraspetroleras.com\/index.php\/wp-json\/wp\/v2\/users\/1"}],"replies":[{"embeddable":true,"href":"https:\/\/compraspetroleras.com\/index.php\/wp-json\/wp\/v2\/comments?post=453"}],"version-history":[{"count":0,"href":"https:\/\/compraspetroleras.com\/index.php\/wp-json\/wp\/v2\/pages\/453\/revisions"}],"wp:attachment":[{"href":"https:\/\/compraspetroleras.com\/index.php\/wp-json\/wp\/v2\/media?parent=453"}],"curies":[{"name":"wp","href":"https:\/\/api.w.org\/{rel}","templated":true}]}}